{"id":150,"date":"2024-03-29T08:22:21","date_gmt":"2024-03-29T08:22:21","guid":{"rendered":"https:\/\/www.tuktukverhuurzeeland.nl\/ueber-uns\/"},"modified":"2024-06-18T09:25:16","modified_gmt":"2024-06-18T09:25:16","slug":"ueber-uns","status":"publish","type":"page","link":"https:\/\/www.tuktukverhuurzeeland.nl\/de\/ueber-uns\/","title":{"rendered":"\u00dcber uns"},"content":{"rendered":"<p>TukTuk Rental Zeeland, ein stolzer Teil von <a href=\"http:\/\/www.scooterhurenzeeland.nl\">Scooter Huren Zeeland<\/a> mit Sitz in Yerseke, bietet eine gro\u00dfe Auswahl an Fahrzeugen, darunter E-Chopper, Motorroller, Fatbikes und Classic Minis.<\/p>\n<p>TukTuk Rental Zeeland wurde aus dem Wunsch heraus geboren, Touristen und Einheimischen mehr zu bieten als die \u00fcblichen Fahrzeuge. Der Besitzer Lennert Steketee wei\u00df, dass Touristen und Einheimische mehr als nur den Standardtransport w\u00fcnschen. Eine Fahrt in einem elektrischen Tuktuk durch Zeeland verspricht ein unvergessliches Erlebnis zu werden, an das Sie sich noch lange erinnern werden.<\/p>\n<h2>Gemeinsam auf ein Abenteuer<\/h2>\n<p>Ob Sie nun einen besonderen Anlass feiern oder einfach nur einen Tagesausflug machen wollen, eine Tuktuk-Fahrt ist immer eine gute Idee. Sie k\u00f6nnen zwar zu zweit unterwegs sein, aber noch mehr Spa\u00df macht es, mit der Familie, Freunden oder Kollegen unterwegs zu sein. Unsere Tuktuks bieten Platz f\u00fcr bis zu f\u00fcnf Erwachsene und zwei Kinder bis zu 12 Jahren. TukTuk Rental Zeeland hat mehrere faszinierende Routen ausgearbeitet, die Sie entlang der sch\u00f6nsten inneren Stra\u00dfen Zeelands f\u00fchren.<\/p>\n<h2>Kulinarische Entdeckungstour<\/h2>\n<p>Lieben Sie gutes Essen und m\u00f6chten Sie Zeeland auf besondere Weise kennen lernen? Dann sollten Sie unbedingt unsere <a href=\"https:\/\/www.tuktukverhuurzeeland.nl\/arrangementen\/\">kulinarische Route<\/a> ausprobieren. Sie erhalten eine Wegbeschreibung mit Haltestellen an ausgezeichneten Restaurants, wo Sie k\u00f6stliche Speisen genie\u00dfen k\u00f6nnen. Neben den kulinarischen K\u00f6stlichkeiten erfahren Sie auch interessante Fakten und Wissenswertes \u00fcber die Region. Diese Kombination ist perfekt, besonders wenn Sie mit einer Gruppe unterwegs sind. Bei TukTuk Rental Zeeland denken wir gerne mit Ihnen mit. Sie k\u00f6nnen sich zum Beispiel auch f\u00fcr eine Kombination aus E-Chopper- und <a href=\"http:\/\/www.minihurenzeeland.nl\">Mini<\/a> Cooper-Fahren entscheiden, wobei sich die eine Gruppe nach dem Mittagessen mit der anderen abwechselt. Spa\u00df und Entspannung garantiert, besonders mit unserem neuen Spiel &#8218;Route2play&#8216; f\u00fcr unterwegs.<\/p>\n","protected":false},"excerpt":{"rendered":"<p>TukTuk Rental Zeeland, ein stolzer Teil von Scooter Huren Zeeland mit Sitz in Yerseke, bietet eine gro\u00dfe Auswahl an Fahrzeugen, darunter E-Chopper, Motorroller, Fatbikes und Classic Minis. TukTuk Rental Zeeland wurde aus dem Wunsch heraus geboren, Touristen und Einheimischen mehr zu bieten als die \u00fcblichen Fahrzeuge. Der Besitzer Lennert Steketee wei\u00df, dass Touristen und Einheimische [&hellip;]<\/p>\n","protected":false},"author":1,"featured_media":123,"parent":0,"menu_order":0,"comment_status":"closed","ping_status":"closed","template":"","meta":{"_acf_changed":false,"footnotes":""},"class_list":["post-150","page","type-page","status-publish","has-post-thumbnail","hentry"],"acf":[],"yoast_head":"<!-- This site is optimized with the Yoast SEO plugin v27.2 - https:\/\/yoast.com\/product\/yoast-seo-wordpress\/ -->\n<title>\u00dcber uns - Tuktuk Verhuur Zeeland<\/title>\n<meta name=\"description\" content=\"Entdecken Sie Zeeland mit TukTuk Rental Zeeland. Mieten Sie elektrische TukTuks f\u00fcr ein unvergessliches Erlebnis. Buchen Sie jetzt!\" \/>\n<meta name=\"robots\" content=\"index, follow, max-snippet:-1, max-image-preview:large, max-video-preview:-1\" \/>\n<link rel=\"canonical\" href=\"https:\/\/www.tuktukverhuurzeeland.nl\/de\/ueber-uns\/\" \/>\n<meta property=\"og:locale\" content=\"de_DE\" \/>\n<meta property=\"og:type\" content=\"article\" \/>\n<meta property=\"og:title\" content=\"\u00dcber uns - Tuktuk Verhuur Zeeland\" \/>\n<meta property=\"og:description\" content=\"Entdecken Sie Zeeland mit TukTuk Rental Zeeland. Mieten Sie elektrische TukTuks f\u00fcr ein unvergessliches Erlebnis. Buchen Sie jetzt!\" \/>\n<meta property=\"og:url\" content=\"https:\/\/www.tuktukverhuurzeeland.nl\/de\/ueber-uns\/\" \/>\n<meta property=\"og:site_name\" content=\"Tuktuk Verhuur Zeeland\" \/>\n<meta property=\"article:modified_time\" content=\"2024-06-18T09:25:16+00:00\" \/>\n<meta property=\"og:image\" content=\"https:\/\/www.tuktukverhuurzeeland.nl\/wp-content\/uploads\/sites\/4\/2024\/04\/IMG-20210611-WA0013.jpg\" \/>\n\t<meta property=\"og:image:width\" content=\"1363\" \/>\n\t<meta property=\"og:image:height\" content=\"1200\" \/>\n\t<meta property=\"og:image:type\" content=\"image\/jpeg\" \/>\n<meta name=\"twitter:card\" content=\"summary_large_image\" \/>\n<meta name=\"twitter:label1\" content=\"Gesch\u00e4tzte Lesezeit\" \/>\n\t<meta name=\"twitter:data1\" content=\"2\u00a0Minuten\" \/>\n<script type=\"application\/ld+json\" class=\"yoast-schema-graph\">{\"@context\":\"https:\/\/schema.org\",\"@graph\":[{\"@type\":\"WebPage\",\"@id\":\"https:\/\/www.tuktukverhuurzeeland.nl\/de\/ueber-uns\/\",\"url\":\"https:\/\/www.tuktukverhuurzeeland.nl\/de\/ueber-uns\/\",\"name\":\"\u00dcber uns - Tuktuk Verhuur Zeeland\",\"isPartOf\":{\"@id\":\"https:\/\/www.tuktukverhuurzeeland.nl\/de\/#website\"},\"primaryImageOfPage\":{\"@id\":\"https:\/\/www.tuktukverhuurzeeland.nl\/de\/ueber-uns\/#primaryimage\"},\"image\":{\"@id\":\"https:\/\/www.tuktukverhuurzeeland.nl\/de\/ueber-uns\/#primaryimage\"},\"thumbnailUrl\":\"https:\/\/www.tuktukverhuurzeeland.nl\/wp-content\/uploads\/sites\/4\/2024\/04\/IMG-20210611-WA0013.jpg\",\"datePublished\":\"2024-03-29T08:22:21+00:00\",\"dateModified\":\"2024-06-18T09:25:16+00:00\",\"description\":\"Entdecken Sie Zeeland mit TukTuk Rental Zeeland. Mieten Sie elektrische TukTuks f\u00fcr ein unvergessliches Erlebnis. Buchen Sie jetzt!\",\"breadcrumb\":{\"@id\":\"https:\/\/www.tuktukverhuurzeeland.nl\/de\/ueber-uns\/#breadcrumb\"},\"inLanguage\":\"de\",\"potentialAction\":[{\"@type\":\"ReadAction\",\"target\":[\"https:\/\/www.tuktukverhuurzeeland.nl\/de\/ueber-uns\/\"]}]},{\"@type\":\"ImageObject\",\"inLanguage\":\"de\",\"@id\":\"https:\/\/www.tuktukverhuurzeeland.nl\/de\/ueber-uns\/#primaryimage\",\"url\":\"https:\/\/www.tuktukverhuurzeeland.nl\/wp-content\/uploads\/sites\/4\/2024\/04\/IMG-20210611-WA0013.jpg\",\"contentUrl\":\"https:\/\/www.tuktukverhuurzeeland.nl\/wp-content\/uploads\/sites\/4\/2024\/04\/IMG-20210611-WA0013.jpg\",\"width\":1363,\"height\":1200},{\"@type\":\"BreadcrumbList\",\"@id\":\"https:\/\/www.tuktukverhuurzeeland.nl\/de\/ueber-uns\/#breadcrumb\",\"itemListElement\":[{\"@type\":\"ListItem\",\"position\":1,\"name\":\"Home\",\"item\":\"https:\/\/www.tuktukverhuurzeeland.nl\/de\/\"},{\"@type\":\"ListItem\",\"position\":2,\"name\":\"\u00dcber uns\"}]},{\"@type\":\"WebSite\",\"@id\":\"https:\/\/www.tuktukverhuurzeeland.nl\/de\/#website\",\"url\":\"https:\/\/www.tuktukverhuurzeeland.nl\/de\/\",\"name\":\"Tuktuk Verhuur Zeeland\",\"description\":\"\",\"potentialAction\":[{\"@type\":\"SearchAction\",\"target\":{\"@type\":\"EntryPoint\",\"urlTemplate\":\"https:\/\/www.tuktukverhuurzeeland.nl\/de\/?s={search_term_string}\"},\"query-input\":{\"@type\":\"PropertyValueSpecification\",\"valueRequired\":true,\"valueName\":\"search_term_string\"}}],\"inLanguage\":\"de\"}]}<\/script>\n<!-- \/ Yoast SEO plugin. -->","yoast_head_json":{"title":"\u00dcber uns - Tuktuk Verhuur Zeeland","description":"Entdecken Sie Zeeland mit TukTuk Rental Zeeland. Mieten Sie elektrische TukTuks f\u00fcr ein unvergessliches Erlebnis. Buchen Sie jetzt!","robots":{"index":"index","follow":"follow","max-snippet":"max-snippet:-1","max-image-preview":"max-image-preview:large","max-video-preview":"max-video-preview:-1"},"canonical":"https:\/\/www.tuktukverhuurzeeland.nl\/de\/ueber-uns\/","og_locale":"de_DE","og_type":"article","og_title":"\u00dcber uns - Tuktuk Verhuur Zeeland","og_description":"Entdecken Sie Zeeland mit TukTuk Rental Zeeland. Mieten Sie elektrische TukTuks f\u00fcr ein unvergessliches Erlebnis. Buchen Sie jetzt!","og_url":"https:\/\/www.tuktukverhuurzeeland.nl\/de\/ueber-uns\/","og_site_name":"Tuktuk Verhuur Zeeland","article_modified_time":"2024-06-18T09:25:16+00:00","og_image":[{"width":1363,"height":1200,"url":"https:\/\/www.tuktukverhuurzeeland.nl\/wp-content\/uploads\/sites\/4\/2024\/04\/IMG-20210611-WA0013.jpg","type":"image\/jpeg"}],"twitter_card":"summary_large_image","twitter_misc":{"Gesch\u00e4tzte Lesezeit":"2\u00a0Minuten"},"schema":{"@context":"https:\/\/schema.org","@graph":[{"@type":"WebPage","@id":"https:\/\/www.tuktukverhuurzeeland.nl\/de\/ueber-uns\/","url":"https:\/\/www.tuktukverhuurzeeland.nl\/de\/ueber-uns\/","name":"\u00dcber uns - Tuktuk Verhuur Zeeland","isPartOf":{"@id":"https:\/\/www.tuktukverhuurzeeland.nl\/de\/#website"},"primaryImageOfPage":{"@id":"https:\/\/www.tuktukverhuurzeeland.nl\/de\/ueber-uns\/#primaryimage"},"image":{"@id":"https:\/\/www.tuktukverhuurzeeland.nl\/de\/ueber-uns\/#primaryimage"},"thumbnailUrl":"https:\/\/www.tuktukverhuurzeeland.nl\/wp-content\/uploads\/sites\/4\/2024\/04\/IMG-20210611-WA0013.jpg","datePublished":"2024-03-29T08:22:21+00:00","dateModified":"2024-06-18T09:25:16+00:00","description":"Entdecken Sie Zeeland mit TukTuk Rental Zeeland. Mieten Sie elektrische TukTuks f\u00fcr ein unvergessliches Erlebnis. Buchen Sie jetzt!","breadcrumb":{"@id":"https:\/\/www.tuktukverhuurzeeland.nl\/de\/ueber-uns\/#breadcrumb"},"inLanguage":"de","potentialAction":[{"@type":"ReadAction","target":["https:\/\/www.tuktukverhuurzeeland.nl\/de\/ueber-uns\/"]}]},{"@type":"ImageObject","inLanguage":"de","@id":"https:\/\/www.tuktukverhuurzeeland.nl\/de\/ueber-uns\/#primaryimage","url":"https:\/\/www.tuktukverhuurzeeland.nl\/wp-content\/uploads\/sites\/4\/2024\/04\/IMG-20210611-WA0013.jpg","contentUrl":"https:\/\/www.tuktukverhuurzeeland.nl\/wp-content\/uploads\/sites\/4\/2024\/04\/IMG-20210611-WA0013.jpg","width":1363,"height":1200},{"@type":"BreadcrumbList","@id":"https:\/\/www.tuktukverhuurzeeland.nl\/de\/ueber-uns\/#breadcrumb","itemListElement":[{"@type":"ListItem","position":1,"name":"Home","item":"https:\/\/www.tuktukverhuurzeeland.nl\/de\/"},{"@type":"ListItem","position":2,"name":"\u00dcber uns"}]},{"@type":"WebSite","@id":"https:\/\/www.tuktukverhuurzeeland.nl\/de\/#website","url":"https:\/\/www.tuktukverhuurzeeland.nl\/de\/","name":"Tuktuk Verhuur Zeeland","description":"","potentialAction":[{"@type":"SearchAction","target":{"@type":"EntryPoint","urlTemplate":"https:\/\/www.tuktukverhuurzeeland.nl\/de\/?s={search_term_string}"},"query-input":{"@type":"PropertyValueSpecification","valueRequired":true,"valueName":"search_term_string"}}],"inLanguage":"de"}]}},"_links":{"self":[{"href":"https:\/\/www.tuktukverhuurzeeland.nl\/de\/wp-json\/wp\/v2\/pages\/150","targetHints":{"allow":["GET"]}}],"collection":[{"href":"https:\/\/www.tuktukverhuurzeeland.nl\/de\/wp-json\/wp\/v2\/pages"}],"about":[{"href":"https:\/\/www.tuktukverhuurzeeland.nl\/de\/wp-json\/wp\/v2\/types\/page"}],"author":[{"embeddable":true,"href":"https:\/\/www.tuktukverhuurzeeland.nl\/de\/wp-json\/wp\/v2\/users\/1"}],"replies":[{"embeddable":true,"href":"https:\/\/www.tuktukverhuurzeeland.nl\/de\/wp-json\/wp\/v2\/comments?post=150"}],"version-history":[{"count":1,"href":"https:\/\/www.tuktukverhuurzeeland.nl\/de\/wp-json\/wp\/v2\/pages\/150\/revisions"}],"predecessor-version":[{"id":173,"href":"https:\/\/www.tuktukverhuurzeeland.nl\/de\/wp-json\/wp\/v2\/pages\/150\/revisions\/173"}],"wp:featuredmedia":[{"embeddable":true,"href":"https:\/\/www.tuktukverhuurzeeland.nl\/de\/wp-json\/wp\/v2\/media\/123"}],"wp:attachment":[{"href":"https:\/\/www.tuktukverhuurzeeland.nl\/de\/wp-json\/wp\/v2\/media?parent=150"}],"curies":[{"name":"wp","href":"https:\/\/api.w.org\/{rel}","templated":true}]}}