{"id":149,"date":"2024-03-29T08:09:02","date_gmt":"2024-03-29T08:09:02","guid":{"rendered":"https:\/\/www.tuktukverhuurzeeland.nl\/tuktuk-zeeland\/"},"modified":"2025-08-25T10:59:12","modified_gmt":"2025-08-25T10:59:12","slug":"tuktuk-zeeland","status":"publish","type":"page","link":"https:\/\/www.tuktukverhuurzeeland.nl\/de\/","title":{"rendered":"TukTuk Zeeland"},"content":{"rendered":"<p>Erleben Sie das Vergn\u00fcgen eines Limousinen-TukTuks ohne l\u00e4stige Ger\u00fcche und L\u00e4rm mit unseren elektrischen Limo-TukTuks, die mit einem traditionellen thail\u00e4ndischen Touch gestaltet sind. Diese Fahrzeuge sind an europ\u00e4ische Sicherheitsstandards und Einrichtungen angepasst. Bei uns k\u00f6nnen Sie Routen genie\u00dfen, bei denen Sie selbst hinter das Steuer des elektrischen TukTuks steigen. Auf Wunsch bieten wir auch einen Chauffeurservice an.<\/p>\n<p>Unsere elektrischen Limo TukTuk&#8217;s bieten Platz f\u00fcr max. 5 Passagiere. Sie sind perfekt f\u00fcr verschiedene Ausfl\u00fcge oder als lustiger und schneller Shuttle-Service von A nach B, mit einer beeindruckenden Geschwindigkeit von 45 km pro Stunde!<\/p>\n<p>M\u00f6chten Sie einen sch\u00f6nen Ausflug mit Ihrer Familie, Ihren Freunden oder Kollegen machen? Dann entdecken Sie wundersch\u00f6ne Routen durch die Landschaft Zeelands. Wir haben mehrere Routen ausgew\u00e4hlt, auf denen Sie Sehensw\u00fcrdigkeiten und Snacks entlang der Strecke genie\u00dfen k\u00f6nnen. Speziell f\u00fcr kulinarische Liebhaber haben wir sogar eine kulinarische Route erstellt, auf der Sie an verschiedenen malerischen Orten k\u00f6stliche Gerichte und Getr\u00e4nke genie\u00dfen k\u00f6nnen.<\/p>\n<p>Sie k\u00f6nnen auch in den Wintermonaten zu uns kommen. Unsere TukTuk&#8217;s k\u00f6nnen bei schlechtem Wetter vollst\u00e4ndig geschlossen werden, so dass Regen und K\u00e4lte drau\u00dfen und W\u00e4rme drinnen bleiben. Fleecedecken sorgen f\u00fcr zus\u00e4tzliche Gem\u00fctlichkeit und Komfort. Sie k\u00f6nnen unsere elektrischen TukTuk&#8217;s das ganze Jahr \u00fcber mieten.<\/p>\n<p>Unsere elektrischen TukTuk&#8217;s sind ideal f\u00fcr:<\/p>\n<ul>\n<li>Teambuilding-Tage<\/li>\n<li>Betriebsausfl\u00fcge<\/li>\n<li>Touren<\/li>\n<li>Gesch\u00e4ftspausen<\/li>\n<li>Gesch\u00e4ftliche Ereignisse<\/li>\n<li>Shuttles<\/li>\n<li>Werbung f\u00fcr TukTuk&#8217;s<\/li>\n<li><a href=\"https:\/\/www.touristshopyerseke.nl\/arrangementen\/\">Unvergessliche Junggesellen- oder Familientage<\/a><\/li>\n<\/ul>\n<p><strong>Einzigartig in Zeeland: Wir sind der einzige Anbieter dieser luxuri\u00f6sen elektrischen TukTuk&#8217;s in Zeeland.<\/strong><\/p>\n<p>&nbsp;<\/p>\n","protected":false},"excerpt":{"rendered":"<p>Erleben Sie das Vergn\u00fcgen eines Limousinen-TukTuks ohne l\u00e4stige Ger\u00fcche und L\u00e4rm mit unseren elektrischen Limo-TukTuks, die mit einem traditionellen thail\u00e4ndischen Touch gestaltet sind. Diese Fahrzeuge sind an europ\u00e4ische Sicherheitsstandards und Einrichtungen angepasst. Bei uns k\u00f6nnen Sie Routen genie\u00dfen, bei denen Sie selbst hinter das Steuer des elektrischen TukTuks steigen. Auf Wunsch bieten wir auch einen [&hellip;]<\/p>\n","protected":false},"author":1,"featured_media":119,"parent":0,"menu_order":0,"comment_status":"closed","ping_status":"closed","template":"","meta":{"_acf_changed":false,"footnotes":""},"class_list":["post-149","page","type-page","status-publish","has-post-thumbnail","hentry"],"acf":[],"yoast_head":"<!-- This site is optimized with the Yoast SEO plugin v27.2 - https:\/\/yoast.com\/product\/yoast-seo-wordpress\/ -->\n<title>TukTuk Zeeland - Tuktuk Verhuur Zeeland<\/title>\n<meta name=\"description\" content=\"Erleben Sie den Spa\u00df mit einem TukTuk in Zeeland! Entdecken Sie einzigartige Routen und genie\u00dfen Sie die Umgebung und kulinarische Entdeckungen.\" \/>\n<meta name=\"robots\" content=\"index, follow, max-snippet:-1, max-image-preview:large, max-video-preview:-1\" \/>\n<link rel=\"canonical\" href=\"https:\/\/www.tuktukverhuurzeeland.nl\/de\/\" \/>\n<meta property=\"og:locale\" content=\"de_DE\" \/>\n<meta property=\"og:type\" content=\"article\" \/>\n<meta property=\"og:title\" content=\"TukTuk Zeeland - Tuktuk Verhuur Zeeland\" \/>\n<meta property=\"og:description\" content=\"Erleben Sie den Spa\u00df mit einem TukTuk in Zeeland! Entdecken Sie einzigartige Routen und genie\u00dfen Sie die Umgebung und kulinarische Entdeckungen.\" \/>\n<meta property=\"og:url\" content=\"https:\/\/www.tuktukverhuurzeeland.nl\/de\/\" \/>\n<meta property=\"og:site_name\" content=\"Tuktuk Verhuur Zeeland\" \/>\n<meta property=\"article:modified_time\" content=\"2025-08-25T10:59:12+00:00\" \/>\n<meta property=\"og:image\" content=\"https:\/\/www.tuktukverhuurzeeland.nl\/wp-content\/uploads\/sites\/4\/2024\/03\/Tuktuk-Zeeland.jpg\" \/>\n\t<meta property=\"og:image:width\" content=\"694\" \/>\n\t<meta property=\"og:image:height\" content=\"463\" \/>\n\t<meta property=\"og:image:type\" content=\"image\/jpeg\" \/>\n<meta name=\"twitter:card\" content=\"summary_large_image\" \/>\n<meta name=\"twitter:label1\" content=\"Gesch\u00e4tzte Lesezeit\" \/>\n\t<meta name=\"twitter:data1\" content=\"2\u00a0Minuten\" \/>\n<script type=\"application\/ld+json\" class=\"yoast-schema-graph\">{\"@context\":\"https:\/\/schema.org\",\"@graph\":[{\"@type\":\"WebPage\",\"@id\":\"https:\/\/www.tuktukverhuurzeeland.nl\/de\/\",\"url\":\"https:\/\/www.tuktukverhuurzeeland.nl\/de\/\",\"name\":\"TukTuk Zeeland - Tuktuk Verhuur Zeeland\",\"isPartOf\":{\"@id\":\"https:\/\/www.tuktukverhuurzeeland.nl\/de\/#website\"},\"primaryImageOfPage\":{\"@id\":\"https:\/\/www.tuktukverhuurzeeland.nl\/de\/#primaryimage\"},\"image\":{\"@id\":\"https:\/\/www.tuktukverhuurzeeland.nl\/de\/#primaryimage\"},\"thumbnailUrl\":\"https:\/\/www.tuktukverhuurzeeland.nl\/wp-content\/uploads\/sites\/4\/2024\/03\/Tuktuk-Zeeland.jpg\",\"datePublished\":\"2024-03-29T08:09:02+00:00\",\"dateModified\":\"2025-08-25T10:59:12+00:00\",\"description\":\"Erleben Sie den Spa\u00df mit einem TukTuk in Zeeland! Entdecken Sie einzigartige Routen und genie\u00dfen Sie die Umgebung und kulinarische Entdeckungen.\",\"breadcrumb\":{\"@id\":\"https:\/\/www.tuktukverhuurzeeland.nl\/de\/#breadcrumb\"},\"inLanguage\":\"de\",\"potentialAction\":[{\"@type\":\"ReadAction\",\"target\":[\"https:\/\/www.tuktukverhuurzeeland.nl\/de\/\"]}]},{\"@type\":\"ImageObject\",\"inLanguage\":\"de\",\"@id\":\"https:\/\/www.tuktukverhuurzeeland.nl\/de\/#primaryimage\",\"url\":\"https:\/\/www.tuktukverhuurzeeland.nl\/wp-content\/uploads\/sites\/4\/2024\/03\/Tuktuk-Zeeland.jpg\",\"contentUrl\":\"https:\/\/www.tuktukverhuurzeeland.nl\/wp-content\/uploads\/sites\/4\/2024\/03\/Tuktuk-Zeeland.jpg\",\"width\":694,\"height\":463},{\"@type\":\"BreadcrumbList\",\"@id\":\"https:\/\/www.tuktukverhuurzeeland.nl\/de\/#breadcrumb\",\"itemListElement\":[{\"@type\":\"ListItem\",\"position\":1,\"name\":\"Home\",\"item\":\"https:\/\/www.tuktukverhuurzeeland.nl\/de\/\"},{\"@type\":\"ListItem\",\"position\":2,\"name\":\"TukTuk Zeeland\"}]},{\"@type\":\"WebSite\",\"@id\":\"https:\/\/www.tuktukverhuurzeeland.nl\/de\/#website\",\"url\":\"https:\/\/www.tuktukverhuurzeeland.nl\/de\/\",\"name\":\"Tuktuk Verhuur Zeeland\",\"description\":\"\",\"potentialAction\":[{\"@type\":\"SearchAction\",\"target\":{\"@type\":\"EntryPoint\",\"urlTemplate\":\"https:\/\/www.tuktukverhuurzeeland.nl\/de\/?s={search_term_string}\"},\"query-input\":{\"@type\":\"PropertyValueSpecification\",\"valueRequired\":true,\"valueName\":\"search_term_string\"}}],\"inLanguage\":\"de\"}]}<\/script>\n<!-- \/ Yoast SEO plugin. -->","yoast_head_json":{"title":"TukTuk Zeeland - Tuktuk Verhuur Zeeland","description":"Erleben Sie den Spa\u00df mit einem TukTuk in Zeeland! Entdecken Sie einzigartige Routen und genie\u00dfen Sie die Umgebung und kulinarische Entdeckungen.","robots":{"index":"index","follow":"follow","max-snippet":"max-snippet:-1","max-image-preview":"max-image-preview:large","max-video-preview":"max-video-preview:-1"},"canonical":"https:\/\/www.tuktukverhuurzeeland.nl\/de\/","og_locale":"de_DE","og_type":"article","og_title":"TukTuk Zeeland - Tuktuk Verhuur Zeeland","og_description":"Erleben Sie den Spa\u00df mit einem TukTuk in Zeeland! Entdecken Sie einzigartige Routen und genie\u00dfen Sie die Umgebung und kulinarische Entdeckungen.","og_url":"https:\/\/www.tuktukverhuurzeeland.nl\/de\/","og_site_name":"Tuktuk Verhuur Zeeland","article_modified_time":"2025-08-25T10:59:12+00:00","og_image":[{"width":694,"height":463,"url":"https:\/\/www.tuktukverhuurzeeland.nl\/wp-content\/uploads\/sites\/4\/2024\/03\/Tuktuk-Zeeland.jpg","type":"image\/jpeg"}],"twitter_card":"summary_large_image","twitter_misc":{"Gesch\u00e4tzte Lesezeit":"2\u00a0Minuten"},"schema":{"@context":"https:\/\/schema.org","@graph":[{"@type":"WebPage","@id":"https:\/\/www.tuktukverhuurzeeland.nl\/de\/","url":"https:\/\/www.tuktukverhuurzeeland.nl\/de\/","name":"TukTuk Zeeland - Tuktuk Verhuur Zeeland","isPartOf":{"@id":"https:\/\/www.tuktukverhuurzeeland.nl\/de\/#website"},"primaryImageOfPage":{"@id":"https:\/\/www.tuktukverhuurzeeland.nl\/de\/#primaryimage"},"image":{"@id":"https:\/\/www.tuktukverhuurzeeland.nl\/de\/#primaryimage"},"thumbnailUrl":"https:\/\/www.tuktukverhuurzeeland.nl\/wp-content\/uploads\/sites\/4\/2024\/03\/Tuktuk-Zeeland.jpg","datePublished":"2024-03-29T08:09:02+00:00","dateModified":"2025-08-25T10:59:12+00:00","description":"Erleben Sie den Spa\u00df mit einem TukTuk in Zeeland! Entdecken Sie einzigartige Routen und genie\u00dfen Sie die Umgebung und kulinarische Entdeckungen.","breadcrumb":{"@id":"https:\/\/www.tuktukverhuurzeeland.nl\/de\/#breadcrumb"},"inLanguage":"de","potentialAction":[{"@type":"ReadAction","target":["https:\/\/www.tuktukverhuurzeeland.nl\/de\/"]}]},{"@type":"ImageObject","inLanguage":"de","@id":"https:\/\/www.tuktukverhuurzeeland.nl\/de\/#primaryimage","url":"https:\/\/www.tuktukverhuurzeeland.nl\/wp-content\/uploads\/sites\/4\/2024\/03\/Tuktuk-Zeeland.jpg","contentUrl":"https:\/\/www.tuktukverhuurzeeland.nl\/wp-content\/uploads\/sites\/4\/2024\/03\/Tuktuk-Zeeland.jpg","width":694,"height":463},{"@type":"BreadcrumbList","@id":"https:\/\/www.tuktukverhuurzeeland.nl\/de\/#breadcrumb","itemListElement":[{"@type":"ListItem","position":1,"name":"Home","item":"https:\/\/www.tuktukverhuurzeeland.nl\/de\/"},{"@type":"ListItem","position":2,"name":"TukTuk Zeeland"}]},{"@type":"WebSite","@id":"https:\/\/www.tuktukverhuurzeeland.nl\/de\/#website","url":"https:\/\/www.tuktukverhuurzeeland.nl\/de\/","name":"Tuktuk Verhuur Zeeland","description":"","potentialAction":[{"@type":"SearchAction","target":{"@type":"EntryPoint","urlTemplate":"https:\/\/www.tuktukverhuurzeeland.nl\/de\/?s={search_term_string}"},"query-input":{"@type":"PropertyValueSpecification","valueRequired":true,"valueName":"search_term_string"}}],"inLanguage":"de"}]}},"_links":{"self":[{"href":"https:\/\/www.tuktukverhuurzeeland.nl\/de\/wp-json\/wp\/v2\/pages\/149","targetHints":{"allow":["GET"]}}],"collection":[{"href":"https:\/\/www.tuktukverhuurzeeland.nl\/de\/wp-json\/wp\/v2\/pages"}],"about":[{"href":"https:\/\/www.tuktukverhuurzeeland.nl\/de\/wp-json\/wp\/v2\/types\/page"}],"author":[{"embeddable":true,"href":"https:\/\/www.tuktukverhuurzeeland.nl\/de\/wp-json\/wp\/v2\/users\/1"}],"replies":[{"embeddable":true,"href":"https:\/\/www.tuktukverhuurzeeland.nl\/de\/wp-json\/wp\/v2\/comments?post=149"}],"version-history":[{"count":2,"href":"https:\/\/www.tuktukverhuurzeeland.nl\/de\/wp-json\/wp\/v2\/pages\/149\/revisions"}],"predecessor-version":[{"id":194,"href":"https:\/\/www.tuktukverhuurzeeland.nl\/de\/wp-json\/wp\/v2\/pages\/149\/revisions\/194"}],"wp:featuredmedia":[{"embeddable":true,"href":"https:\/\/www.tuktukverhuurzeeland.nl\/de\/wp-json\/wp\/v2\/media\/119"}],"wp:attachment":[{"href":"https:\/\/www.tuktukverhuurzeeland.nl\/de\/wp-json\/wp\/v2\/media?parent=149"}],"curies":[{"name":"wp","href":"https:\/\/api.w.org\/{rel}","templated":true}]}}